{"id":8899,"date":"2024-01-29T17:12:13","date_gmt":"2024-01-29T16:12:13","guid":{"rendered":"https:\/\/palmademajorca-bibione.it\/oeffentliche-beihilfen-und-beitraege\/"},"modified":"2024-03-27T07:42:27","modified_gmt":"2024-03-27T06:42:27","slug":"oeffentliche-beihilfen-und-beitraege","status":"publish","type":"page","link":"https:\/\/palmademajorca-bibione.it\/de\/oeffentliche-beihilfen-und-beitraege\/","title":{"rendered":"\u00d6ffentliche Beihilfen und Beitr\u00e4ge"},"content":{"rendered":"\t\t<div data-elementor-type=\"wp-page\" data-elementor-id=\"8899\" class=\"elementor elementor-8899 elementor-5127\" data-elementor-post-type=\"page\">\n\t\t\t\t<div class=\"has_eae_slider elementor-element elementor-element-4b91991 e-flex e-con-boxed e-con e-parent\" data-eae-slider=\"34070\" data-id=\"4b91991\" data-element_type=\"container\" data-settings=\"{&quot;background_background&quot;:&quot;classic&quot;}\">\n\t\t\t\t\t<div class=\"e-con-inner\">\n\t\t<div class=\"has_eae_slider elementor-element elementor-element-8cf3399 e-con-full e-flex e-con e-child\" data-eae-slider=\"93586\" data-id=\"8cf3399\" data-element_type=\"container\">\n\t\t\t\t<div class=\"elementor-element elementor-element-517df09a elementor-hidden-tablet elementor-hidden-mobile elementor-widget elementor-widget-heading\" data-id=\"517df09a\" data-element_type=\"widget\" data-widget_type=\"heading.default\">\n\t\t\t\t<div class=\"elementor-widget-container\">\n\t\t\t\t\t<h1 class=\"elementor-heading-title elementor-size-default\">\u00d6ffentliche Beihilfen und Beitr\u00e4ge\n        <\/h1>\t\t\t\t<\/div>\n\t\t\t\t<\/div>\n\t\t\t\t<\/div>\n\t\t<div class=\"has_eae_slider elementor-element elementor-element-456a1b30 elementor-hidden-tablet elementor-hidden-mobile e-flex e-con-boxed e-con e-child\" data-eae-slider=\"61033\" data-id=\"456a1b30\" data-element_type=\"container\">\n\t\t\t\t\t<div class=\"e-con-inner\">\n\t\t<div class=\"has_eae_slider elementor-element elementor-element-4413d713 e-con-full e-flex e-con e-child\" data-eae-slider=\"72629\" data-id=\"4413d713\" data-element_type=\"container\" id=\"container-pulsanti-aboveTheFold\">\n\t\t<div class=\"has_eae_slider elementor-element elementor-element-c6f39d9 e-flex e-con-boxed e-con e-child\" data-eae-slider=\"38783\" data-id=\"c6f39d9\" data-element_type=\"container\" id=\"pulsante-aboveTheFold\" data-settings=\"{&quot;background_background&quot;:&quot;classic&quot;}\">\n\t\t\t\t\t<div class=\"e-con-inner\">\n\t\t\t\t<div class=\"elementor-element elementor-element-4080cd20 elementor-view-default elementor-position-block-start elementor-mobile-position-block-start elementor-widget elementor-widget-icon-box\" data-id=\"4080cd20\" data-element_type=\"widget\" data-widget_type=\"icon-box.default\">\n\t\t\t\t<div class=\"elementor-widget-container\">\n\t\t\t\t\t\t\t<div class=\"elementor-icon-box-wrapper\">\n\n\t\t\t\t\t\t<div class=\"elementor-icon-box-icon\">\n\t\t\t\t<a href=\"tel:+39043143423\" class=\"elementor-icon\" tabindex=\"-1\" aria-label=\"RUFEN SIE AN\n        \">\n\t\t\t\t<i aria-hidden=\"true\" class=\"fal fa-phone\"><\/i>\t\t\t\t<\/a>\n\t\t\t<\/div>\n\t\t\t\n\t\t\t\t\t\t<div class=\"elementor-icon-box-content\">\n\n\t\t\t\t\t\t\t\t\t<span class=\"elementor-icon-box-title\">\n\t\t\t\t\t\t<a href=\"tel:+39043143423\" >\n\t\t\t\t\t\t\tRUFEN SIE AN\n        \t\t\t\t\t\t<\/a>\n\t\t\t\t\t<\/span>\n\t\t\t\t\n\t\t\t\t\n\t\t\t<\/div>\n\t\t\t\n\t\t<\/div>\n\t\t\t\t\t\t<\/div>\n\t\t\t\t<\/div>\n\t\t\t\t\t<\/div>\n\t\t\t\t<\/div>\n\t\t<div class=\"has_eae_slider elementor-element elementor-element-616a978c e-flex e-con-boxed e-con e-child\" data-eae-slider=\"40479\" data-id=\"616a978c\" data-element_type=\"container\" id=\"pulsante-aboveTheFold\" data-settings=\"{&quot;background_background&quot;:&quot;classic&quot;}\">\n\t\t\t\t\t<div class=\"e-con-inner\">\n\t\t\t\t<div class=\"elementor-element elementor-element-166086ee elementor-view-default elementor-position-block-start elementor-mobile-position-block-start elementor-widget elementor-widget-icon-box\" data-id=\"166086ee\" data-element_type=\"widget\" data-widget_type=\"icon-box.default\">\n\t\t\t\t<div class=\"elementor-widget-container\">\n\t\t\t\t\t\t\t<div class=\"elementor-icon-box-wrapper\">\n\n\t\t\t\t\t\t<div class=\"elementor-icon-box-icon\">\n\t\t\t\t<a href=\"mailto:palmademajorca@roshotels.it\" class=\"elementor-icon\" tabindex=\"-1\" aria-label=\"SCHREIBEN SIE\n        \">\n\t\t\t\t<i aria-hidden=\"true\" class=\"fal fa-mail-bulk\"><\/i>\t\t\t\t<\/a>\n\t\t\t<\/div>\n\t\t\t\n\t\t\t\t\t\t<div class=\"elementor-icon-box-content\">\n\n\t\t\t\t\t\t\t\t\t<span class=\"elementor-icon-box-title\">\n\t\t\t\t\t\t<a href=\"mailto:palmademajorca@roshotels.it\" >\n\t\t\t\t\t\t\tSCHREIBEN SIE\n        \t\t\t\t\t\t<\/a>\n\t\t\t\t\t<\/span>\n\t\t\t\t\n\t\t\t\t\n\t\t\t<\/div>\n\t\t\t\n\t\t<\/div>\n\t\t\t\t\t\t<\/div>\n\t\t\t\t<\/div>\n\t\t\t\t\t<\/div>\n\t\t\t\t<\/div>\n\t\t<div class=\"has_eae_slider elementor-element elementor-element-366e4772 e-flex e-con-boxed e-con e-child\" data-eae-slider=\"66795\" data-id=\"366e4772\" data-element_type=\"container\" id=\"pulsante-aboveTheFold\" data-settings=\"{&quot;background_background&quot;:&quot;classic&quot;}\">\n\t\t\t\t\t<div class=\"e-con-inner\">\n\t\t\t\t<div class=\"elementor-element elementor-element-8584a0 elementor-view-default elementor-position-block-start elementor-mobile-position-block-start elementor-widget elementor-widget-icon-box\" data-id=\"8584a0\" data-element_type=\"widget\" data-widget_type=\"icon-box.default\">\n\t\t\t\t<div class=\"elementor-widget-container\">\n\t\t\t\t\t\t\t<div class=\"elementor-icon-box-wrapper\">\n\n\t\t\t\t\t\t<div class=\"elementor-icon-box-icon\">\n\t\t\t\t<a href=\"https:\/\/palmademajorca-bibione.it\/de\/galerie\/\" class=\"elementor-icon\" tabindex=\"-1\" aria-label=\"GALERIE\n        \">\n\t\t\t\t<i aria-hidden=\"true\" class=\"fal fa-camera\"><\/i>\t\t\t\t<\/a>\n\t\t\t<\/div>\n\t\t\t\n\t\t\t\t\t\t<div class=\"elementor-icon-box-content\">\n\n\t\t\t\t\t\t\t\t\t<span class=\"elementor-icon-box-title\">\n\t\t\t\t\t\t<a href=\"https:\/\/palmademajorca-bibione.it\/de\/galerie\/\" >\n\t\t\t\t\t\t\tGALERIE\n        \t\t\t\t\t\t<\/a>\n\t\t\t\t\t<\/span>\n\t\t\t\t\n\t\t\t\t\n\t\t\t<\/div>\n\t\t\t\n\t\t<\/div>\n\t\t\t\t\t\t<\/div>\n\t\t\t\t<\/div>\n\t\t\t\t\t<\/div>\n\t\t\t\t<\/div>\n\t\t<div class=\"has_eae_slider elementor-element elementor-element-6762d412 e-flex e-con-boxed e-con e-child\" data-eae-slider=\"75477\" data-id=\"6762d412\" data-element_type=\"container\" id=\"pulsante-aboveTheFold\" data-settings=\"{&quot;background_background&quot;:&quot;classic&quot;,&quot;sticky&quot;:&quot;top&quot;,&quot;sticky_offset&quot;:120,&quot;sticky_on&quot;:[&quot;desktop&quot;,&quot;laptop&quot;,&quot;tablet&quot;,&quot;mobile&quot;],&quot;sticky_effects_offset&quot;:0,&quot;sticky_anchor_link_offset&quot;:0}\">\n\t\t\t\t\t<div class=\"e-con-inner\">\n\t\t\t\t<div class=\"elementor-element elementor-element-4841c6c8 elementor-view-default elementor-position-block-start elementor-mobile-position-block-start elementor-widget elementor-widget-icon-box\" data-id=\"4841c6c8\" data-element_type=\"widget\" data-widget_type=\"icon-box.default\">\n\t\t\t\t<div class=\"elementor-widget-container\">\n\t\t\t\t\t\t\t<div class=\"elementor-icon-box-wrapper\">\n\n\t\t\t\t\t\t<div class=\"elementor-icon-box-icon\">\n\t\t\t\t<a href=\"https:\/\/palmademajorca-bibione.it\/servizi-hotel-palma-de-majorca-bibione\/\" class=\"elementor-icon\" tabindex=\"-1\" aria-label=\"DIENSTLEISTUNGEN\n        \">\n\t\t\t\t<i aria-hidden=\"true\" class=\"fal fa-plus\"><\/i>\t\t\t\t<\/a>\n\t\t\t<\/div>\n\t\t\t\n\t\t\t\t\t\t<div class=\"elementor-icon-box-content\">\n\n\t\t\t\t\t\t\t\t\t<span class=\"elementor-icon-box-title\">\n\t\t\t\t\t\t<a href=\"https:\/\/palmademajorca-bibione.it\/servizi-hotel-palma-de-majorca-bibione\/\" >\n\t\t\t\t\t\t\tDIENSTLEISTUNGEN\n        \t\t\t\t\t\t<\/a>\n\t\t\t\t\t<\/span>\n\t\t\t\t\n\t\t\t\t\n\t\t\t<\/div>\n\t\t\t\n\t\t<\/div>\n\t\t\t\t\t\t<\/div>\n\t\t\t\t<\/div>\n\t\t\t\t\t<\/div>\n\t\t\t\t<\/div>\n\t\t\t\t<\/div>\n\t\t\t\t\t<\/div>\n\t\t\t\t<\/div>\n\t\t\t\t\t<\/div>\n\t\t\t\t<\/div>\n\t\t<div class=\"has_eae_slider elementor-element elementor-element-ddd247e e-con-full e-flex e-con e-parent\" data-eae-slider=\"84053\" data-id=\"ddd247e\" data-element_type=\"container\" data-settings=\"{&quot;background_background&quot;:&quot;classic&quot;}\">\n\t\t<div class=\"has_eae_slider elementor-element elementor-element-2f001643 e-flex e-con-boxed e-con e-child\" data-eae-slider=\"91096\" data-id=\"2f001643\" data-element_type=\"container\">\n\t\t\t\t\t<div class=\"e-con-inner\">\n\t\t\t\t<div class=\"elementor-element elementor-element-4bf771eb elementor-widget elementor-widget-shortcode\" data-id=\"4bf771eb\" data-element_type=\"widget\" data-widget_type=\"shortcode.default\">\n\t\t\t\t<div class=\"elementor-widget-container\">\n\t\t\t\t\t\t\t<div class=\"elementor-shortcode\"><div class=\"notch-container\">\n    <div class=\"notch-subcontainer border-sx\">\n        <div class=\"div-esterno border-sx\">\n            \n        <\/div>\n\n        <div class=\"div-centrale-notch\">\n            \n        <\/div>\n\n        <div class=\"div-esterno border-dx\">\n\n        <\/div>\n    <\/div>\n    <div style=\"background-color:#F6F7F8;\">\n\n<\/div>\n<\/div>\n\n\n\n<style>\n    div.notch-container {\n        width: 100%;\n        display: flex;\n        flex-direction: row;\n        justify-content: center;\n    }\n\n    div.notch-subcontainer {\n        width: 100%;\n        height: 50px;\n        display: flex;\n        flex-direction: row;\n        justify-content: center;\n    }\n\n    div.div-centrale-notch {\n        width: 60%;\n        display: flex;\n        flex-direction: column;\n        align-items: center;\n        background-color: #F6F7F8;\n        border-style: solid;\n        border-width: 0px;\n        border-radius: 20px 20px 0px 0px;\n    }\n\n    div.div-esterno {\n        width: 20%;\n        display: flex;\n        align-items: flex-end;\n    }\n\n    .div-esterno.border-dx {\n        border-radius: 0px 0px 0px 13px;\n        box-shadow: 0px 20px 0px 0px #F6F7F8;\n    }\n\n    .div-esterno.border-sx {\n        border-radius: 0px 0px 13px 0px;\n        box-shadow: 0px 20px 0px 0px #F6F7F8;\n    }\n\n    @media(max-width:768px){\n        div.div-esterno{\n            width:5%;\n        }\n        div.div-centrale-notch {\n            width:90%;\n        }\n    }\n<\/style><\/div>\n\t\t\t\t\t\t<\/div>\n\t\t\t\t<\/div>\n\t\t\t\t\t<\/div>\n\t\t\t\t<\/div>\n\t\t<div class=\"has_eae_slider elementor-element elementor-element-2fa9e660 e-flex e-con-boxed e-con e-child\" data-eae-slider=\"75610\" data-id=\"2fa9e660\" data-element_type=\"container\" data-settings=\"{&quot;background_background&quot;:&quot;classic&quot;}\">\n\t\t\t\t\t<div class=\"e-con-inner\">\n\t\t\t\t<div class=\"elementor-element elementor-element-14bc80ac elementor-hidden-desktop elementor-hidden-laptop elementor-widget elementor-widget-heading\" data-id=\"14bc80ac\" data-element_type=\"widget\" data-widget_type=\"heading.default\">\n\t\t\t\t<div class=\"elementor-widget-container\">\n\t\t\t\t\t<h1 class=\"elementor-heading-title elementor-size-default\">\u00d6ffentliche Beihilfen und Beitr\u00e4ge\n        <\/h1>\t\t\t\t<\/div>\n\t\t\t\t<\/div>\n\t\t\t\t<div class=\"elementor-element elementor-element-13b65cfa elementor-hidden-desktop elementor-hidden-laptop elementor-widget-divider--view-line elementor-widget elementor-widget-divider\" data-id=\"13b65cfa\" data-element_type=\"widget\" data-widget_type=\"divider.default\">\n\t\t\t\t<div class=\"elementor-widget-container\">\n\t\t\t\t\t\t\t<div class=\"elementor-divider\">\n\t\t\t<span class=\"elementor-divider-separator\">\n\t\t\t\t\t\t<\/span>\n\t\t<\/div>\n\t\t\t\t\t\t<\/div>\n\t\t\t\t<\/div>\n\t\t\t\t<div class=\"elementor-element elementor-element-163ce958 elementor-widget elementor-widget-heading\" data-id=\"163ce958\" data-element_type=\"widget\" data-widget_type=\"heading.default\">\n\t\t\t\t<div class=\"elementor-widget-container\">\n\t\t\t\t\t<h2 class=\"elementor-heading-title elementor-size-default\">\u00d6ffentliche Beihilfen und Beitr\u00e4ge\n        <\/h2>\t\t\t\t<\/div>\n\t\t\t\t<\/div>\n\t\t\t\t\t<\/div>\n\t\t\t\t<\/div>\n\t\t\t\t<\/div>\n\t\t<div class=\"has_eae_slider elementor-element elementor-element-7f8a77f e-flex e-con-boxed e-con e-parent\" data-eae-slider=\"2957\" data-id=\"7f8a77f\" data-element_type=\"container\">\n\t\t\t\t\t<div class=\"e-con-inner\">\n\t\t\t\t<div class=\"elementor-element elementor-element-703f9a0 elementor-widget elementor-widget-heading\" data-id=\"703f9a0\" data-element_type=\"widget\" data-widget_type=\"heading.default\">\n\t\t\t\t<div class=\"elementor-widget-container\">\n\t\t\t\t\t<h3 class=\"elementor-heading-title elementor-size-default\">\u00d6ffentliche Beihilfen und Beitr\u00e4ge\n        \nVer\u00f6ffentlichungspflicht - J\u00e4hrliche Ver\u00f6ffentlichung von Informationen\n        \nGesetz vom 4. August 2017 Nr.\n         124<\/h3>\t\t\t\t<\/div>\n\t\t\t\t<\/div>\n\t\t\t\t<div class=\"elementor-element elementor-element-9435b40 elementor-widget elementor-widget-text-editor\" data-id=\"9435b40\" data-element_type=\"widget\" data-widget_type=\"text-editor.default\">\n\t\t\t\t<div class=\"elementor-widget-container\">\n\t\t\t\t\t\t\t\t\t<p>Der Vollst\u00e4ndigkeit halber sei darauf hingewiesen, dass das nationale Register der staatlichen Beihilfen \u00fcber diesen Link zug\u00e4nglich ist:\n        <\/p>\n<p><strong><a href=\"https:\/\/www.rna.gov.it\/RegistroNazionaleTrasparenza\/faces\/pages\/TrasparenzaAiuto.jspx\" target=\"_blank\" rel=\"noopener\">https:\/\/www.rna.gov.it\/RegistroNazionaleTrasparenza\/faces\/pages\/TrasparenzaAiuto.jspx<\/a><\/strong><\/p>\n<p>Wo, durch Eingabe der folgenden Hotel Palma de Majorca Steuernummer CF 02009020278\n        <\/p>\n<p>die vollst\u00e4ndige Liste der erhaltenen Beihilfen einsehen konnen.\n        <\/p>\n\t\t\t\t\t\t\t\t<\/div>\n\t\t\t\t<\/div>\n\t\t\t\t\t<\/div>\n\t\t\t\t<\/div>\n\t\t\t\t<\/div>\n\t\t","protected":false},"excerpt":{"rendered":"<p>\u00d6ffentliche Beihilfen und Beitr\u00e4ge RUFEN SIE AN SCHREIBEN SIE GALERIE DIENSTLEISTUNGEN \u00d6ffentliche Beihilfen und Beitr\u00e4ge \u00d6ffentliche Beihilfen und Beitr\u00e4ge \u00d6ffentliche Beihilfen und Beitr\u00e4ge Ver\u00f6ffentlichungspflicht &#8211; J\u00e4hrliche Ver\u00f6ffentlichung von Informationen Gesetz vom 4. August 2017 Nr. 124 Der Vollst\u00e4ndigkeit halber sei darauf hingewiesen, dass das nationale Register der staatlichen Beihilfen \u00fcber diesen Link zug\u00e4nglich ist: https:\/\/www.rna.gov.it\/RegistroNazionaleTrasparenza\/faces\/pages\/TrasparenzaAiuto.jspx [&hellip;]<\/p>\n","protected":false},"author":1,"featured_media":0,"parent":0,"menu_order":0,"comment_status":"closed","ping_status":"closed","template":"","meta":{"_acf_changed":false,"footnotes":""},"class_list":["post-8899","page","type-page","status-publish","hentry"],"acf":[],"yoast_head":"<!-- This site is optimized with the Yoast SEO plugin v26.6 - https:\/\/yoast.com\/wordpress\/plugins\/seo\/ -->\n<title>\u00d6ffentliche Beihilfen und Beitr\u00e4ge - Hotel Palma di Majorca<\/title>\n<meta name=\"robots\" content=\"index, follow, max-snippet:-1, max-image-preview:large, max-video-preview:-1\" \/>\n<link rel=\"canonical\" href=\"https:\/\/palmademajorca-bibione.it\/de\/oeffentliche-beihilfen-und-beitraege\/\" \/>\n<meta property=\"og:locale\" content=\"de_DE\" \/>\n<meta property=\"og:type\" content=\"article\" \/>\n<meta property=\"og:title\" content=\"\u00d6ffentliche Beihilfen und Beitr\u00e4ge - Hotel Palma di Majorca\" \/>\n<meta property=\"og:description\" content=\"\u00d6ffentliche Beihilfen und Beitr\u00e4ge RUFEN SIE AN SCHREIBEN SIE GALERIE DIENSTLEISTUNGEN \u00d6ffentliche Beihilfen und Beitr\u00e4ge \u00d6ffentliche Beihilfen und Beitr\u00e4ge \u00d6ffentliche Beihilfen und Beitr\u00e4ge Ver\u00f6ffentlichungspflicht &#8211; J\u00e4hrliche Ver\u00f6ffentlichung von Informationen Gesetz vom 4. August 2017 Nr. 124 Der Vollst\u00e4ndigkeit halber sei darauf hingewiesen, dass das nationale Register der staatlichen Beihilfen \u00fcber diesen Link zug\u00e4nglich ist: https:\/\/www.rna.gov.it\/RegistroNazionaleTrasparenza\/faces\/pages\/TrasparenzaAiuto.jspx [&hellip;]\" \/>\n<meta property=\"og:url\" content=\"https:\/\/palmademajorca-bibione.it\/de\/oeffentliche-beihilfen-und-beitraege\/\" \/>\n<meta property=\"og:site_name\" content=\"Hotel Palma di Majorca\" \/>\n<meta property=\"article:modified_time\" content=\"2024-03-27T06:42:27+00:00\" \/>\n<meta name=\"twitter:card\" content=\"summary_large_image\" \/>\n<script type=\"application\/ld+json\" class=\"yoast-schema-graph\">{\"@context\":\"https:\/\/schema.org\",\"@graph\":[{\"@type\":\"WebPage\",\"@id\":\"https:\/\/palmademajorca-bibione.it\/de\/oeffentliche-beihilfen-und-beitraege\/\",\"url\":\"https:\/\/palmademajorca-bibione.it\/de\/oeffentliche-beihilfen-und-beitraege\/\",\"name\":\"\u00d6ffentliche Beihilfen und Beitr\u00e4ge - Hotel Palma di Majorca\",\"isPartOf\":{\"@id\":\"https:\/\/palmademajorca-bibione.it\/de\/#website\"},\"datePublished\":\"2024-01-29T16:12:13+00:00\",\"dateModified\":\"2024-03-27T06:42:27+00:00\",\"breadcrumb\":{\"@id\":\"https:\/\/palmademajorca-bibione.it\/de\/oeffentliche-beihilfen-und-beitraege\/#breadcrumb\"},\"inLanguage\":\"de\",\"potentialAction\":[{\"@type\":\"ReadAction\",\"target\":[\"https:\/\/palmademajorca-bibione.it\/de\/oeffentliche-beihilfen-und-beitraege\/\"]}]},{\"@type\":\"BreadcrumbList\",\"@id\":\"https:\/\/palmademajorca-bibione.it\/de\/oeffentliche-beihilfen-und-beitraege\/#breadcrumb\",\"itemListElement\":[{\"@type\":\"ListItem\",\"position\":1,\"name\":\"Home\",\"item\":\"https:\/\/palmademajorca-bibione.it\/de\/\"},{\"@type\":\"ListItem\",\"position\":2,\"name\":\"\u00d6ffentliche Beihilfen und Beitr\u00e4ge\"}]},{\"@type\":\"WebSite\",\"@id\":\"https:\/\/palmademajorca-bibione.it\/de\/#website\",\"url\":\"https:\/\/palmademajorca-bibione.it\/de\/\",\"name\":\"Hotel Palma di Majorca\",\"description\":\"\",\"potentialAction\":[{\"@type\":\"SearchAction\",\"target\":{\"@type\":\"EntryPoint\",\"urlTemplate\":\"https:\/\/palmademajorca-bibione.it\/de\/?s={search_term_string}\"},\"query-input\":{\"@type\":\"PropertyValueSpecification\",\"valueRequired\":true,\"valueName\":\"search_term_string\"}}],\"inLanguage\":\"de\"}]}<\/script>\n<!-- \/ Yoast SEO plugin. -->","yoast_head_json":{"title":"\u00d6ffentliche Beihilfen und Beitr\u00e4ge - Hotel Palma di Majorca","robots":{"index":"index","follow":"follow","max-snippet":"max-snippet:-1","max-image-preview":"max-image-preview:large","max-video-preview":"max-video-preview:-1"},"canonical":"https:\/\/palmademajorca-bibione.it\/de\/oeffentliche-beihilfen-und-beitraege\/","og_locale":"de_DE","og_type":"article","og_title":"\u00d6ffentliche Beihilfen und Beitr\u00e4ge - Hotel Palma di Majorca","og_description":"\u00d6ffentliche Beihilfen und Beitr\u00e4ge RUFEN SIE AN SCHREIBEN SIE GALERIE DIENSTLEISTUNGEN \u00d6ffentliche Beihilfen und Beitr\u00e4ge \u00d6ffentliche Beihilfen und Beitr\u00e4ge \u00d6ffentliche Beihilfen und Beitr\u00e4ge Ver\u00f6ffentlichungspflicht &#8211; J\u00e4hrliche Ver\u00f6ffentlichung von Informationen Gesetz vom 4. August 2017 Nr. 124 Der Vollst\u00e4ndigkeit halber sei darauf hingewiesen, dass das nationale Register der staatlichen Beihilfen \u00fcber diesen Link zug\u00e4nglich ist: https:\/\/www.rna.gov.it\/RegistroNazionaleTrasparenza\/faces\/pages\/TrasparenzaAiuto.jspx [&hellip;]","og_url":"https:\/\/palmademajorca-bibione.it\/de\/oeffentliche-beihilfen-und-beitraege\/","og_site_name":"Hotel Palma di Majorca","article_modified_time":"2024-03-27T06:42:27+00:00","twitter_card":"summary_large_image","schema":{"@context":"https:\/\/schema.org","@graph":[{"@type":"WebPage","@id":"https:\/\/palmademajorca-bibione.it\/de\/oeffentliche-beihilfen-und-beitraege\/","url":"https:\/\/palmademajorca-bibione.it\/de\/oeffentliche-beihilfen-und-beitraege\/","name":"\u00d6ffentliche Beihilfen und Beitr\u00e4ge - Hotel Palma di Majorca","isPartOf":{"@id":"https:\/\/palmademajorca-bibione.it\/de\/#website"},"datePublished":"2024-01-29T16:12:13+00:00","dateModified":"2024-03-27T06:42:27+00:00","breadcrumb":{"@id":"https:\/\/palmademajorca-bibione.it\/de\/oeffentliche-beihilfen-und-beitraege\/#breadcrumb"},"inLanguage":"de","potentialAction":[{"@type":"ReadAction","target":["https:\/\/palmademajorca-bibione.it\/de\/oeffentliche-beihilfen-und-beitraege\/"]}]},{"@type":"BreadcrumbList","@id":"https:\/\/palmademajorca-bibione.it\/de\/oeffentliche-beihilfen-und-beitraege\/#breadcrumb","itemListElement":[{"@type":"ListItem","position":1,"name":"Home","item":"https:\/\/palmademajorca-bibione.it\/de\/"},{"@type":"ListItem","position":2,"name":"\u00d6ffentliche Beihilfen und Beitr\u00e4ge"}]},{"@type":"WebSite","@id":"https:\/\/palmademajorca-bibione.it\/de\/#website","url":"https:\/\/palmademajorca-bibione.it\/de\/","name":"Hotel Palma di Majorca","description":"","potentialAction":[{"@type":"SearchAction","target":{"@type":"EntryPoint","urlTemplate":"https:\/\/palmademajorca-bibione.it\/de\/?s={search_term_string}"},"query-input":{"@type":"PropertyValueSpecification","valueRequired":true,"valueName":"search_term_string"}}],"inLanguage":"de"}]}},"_links":{"self":[{"href":"https:\/\/palmademajorca-bibione.it\/de\/wp-json\/wp\/v2\/pages\/8899","targetHints":{"allow":["GET"]}}],"collection":[{"href":"https:\/\/palmademajorca-bibione.it\/de\/wp-json\/wp\/v2\/pages"}],"about":[{"href":"https:\/\/palmademajorca-bibione.it\/de\/wp-json\/wp\/v2\/types\/page"}],"author":[{"embeddable":true,"href":"https:\/\/palmademajorca-bibione.it\/de\/wp-json\/wp\/v2\/users\/1"}],"replies":[{"embeddable":true,"href":"https:\/\/palmademajorca-bibione.it\/de\/wp-json\/wp\/v2\/comments?post=8899"}],"version-history":[{"count":0,"href":"https:\/\/palmademajorca-bibione.it\/de\/wp-json\/wp\/v2\/pages\/8899\/revisions"}],"wp:attachment":[{"href":"https:\/\/palmademajorca-bibione.it\/de\/wp-json\/wp\/v2\/media?parent=8899"}],"curies":[{"name":"wp","href":"https:\/\/api.w.org\/{rel}","templated":true}]}}